{"id":4668,"date":"2025-06-07T11:18:13","date_gmt":"2025-06-07T09:18:13","guid":{"rendered":"https:\/\/laprometidahotel.com\/?page_id=4668"},"modified":"2025-10-14T02:53:31","modified_gmt":"2025-10-14T00:53:31","slug":"about-us","status":"publish","type":"page","link":"https:\/\/laprometidahotel.com\/es\/about-us\/","title":{"rendered":"About Us"},"content":{"rendered":"<div data-elementor-type=\"wp-page\" data-elementor-id=\"4668\" class=\"elementor elementor-4668\" data-elementor-settings=\"{&quot;ha_cmc_init_switcher&quot;:&quot;no&quot;}\" data-elementor-post-type=\"page\">\n\t\t\t\t\t\t<section class=\"elementor-section elementor-top-section elementor-element elementor-element-ad48b64 elementor-section-height-min-height elementor-section-items-stretch elementor-section-content-middle elementor-section-boxed elementor-section-height-default\" data-id=\"ad48b64\" data-element_type=\"section\" data-e-type=\"section\" data-settings=\"{&quot;background_background&quot;:&quot;classic&quot;,&quot;_ha_eqh_enable&quot;:false}\">\n\t\t\t\t\t\t\t<div class=\"elementor-background-overlay\"><\/div>\n\t\t\t\t\t\t\t<div class=\"elementor-container elementor-column-gap-default\">\n\t\t\t\t\t<div class=\"elementor-column elementor-col-100 elementor-top-column elementor-element elementor-element-06809bc animated-slow elementor-invisible\" data-id=\"06809bc\" data-element_type=\"column\" data-e-type=\"column\" data-settings=\"{&quot;animation&quot;:&quot;fadeIn&quot;}\">\n\t\t\t<div class=\"elementor-widget-wrap elementor-element-populated\">\n\t\t\t\t\t\t<div class=\"elementor-element elementor-element-38cbf12 elementor-widget elementor-widget-heading\" data-id=\"38cbf12\" data-element_type=\"widget\" data-e-type=\"widget\" data-widget_type=\"heading.default\">\n\t\t\t\t<div class=\"elementor-widget-container\">\n\t\t\t\t\t<h1 class=\"elementor-heading-title elementor-size-default\">El tipo de lugar que solo existe cuando hay algo personal.<\/h1>\t\t\t\t<\/div>\n\t\t\t\t<\/div>\n\t\t\t\t\t<\/div>\n\t\t<\/div>\n\t\t\t\t\t<\/div>\n\t\t<\/section>\n\t\t\t\t<section class=\"elementor-section elementor-top-section elementor-element elementor-element-cfab180 animated-slow elementor-section-full_width elementor-section-height-default elementor-section-height-default elementor-invisible\" data-id=\"cfab180\" data-element_type=\"section\" data-e-type=\"section\" data-settings=\"{&quot;animation&quot;:&quot;fadeIn&quot;,&quot;_ha_eqh_enable&quot;:false}\">\n\t\t\t\t\t\t\t<div class=\"elementor-background-overlay\"><\/div>\n\t\t\t\t\t\t\t<div class=\"elementor-container elementor-column-gap-default\">\n\t\t\t\t\t<div class=\"elementor-column elementor-col-50 elementor-top-column elementor-element elementor-element-9915cae animated-slow elementor-invisible\" data-id=\"9915cae\" data-element_type=\"column\" data-e-type=\"column\" data-settings=\"{&quot;background_background&quot;:&quot;classic&quot;,&quot;animation&quot;:&quot;fadeIn&quot;,&quot;animation_delay&quot;:300,&quot;animation_mobile&quot;:&quot;none&quot;}\">\n\t\t\t<div class=\"elementor-widget-wrap elementor-element-populated\">\n\t\t\t\t\t\t<div class=\"elementor-element elementor-element-c930fbd elementor-hidden-mobile elementor-widget elementor-widget-heading\" data-id=\"c930fbd\" data-element_type=\"widget\" data-e-type=\"widget\" data-widget_type=\"heading.default\">\n\t\t\t\t<div class=\"elementor-widget-container\">\n\t\t\t\t\t<h2 class=\"elementor-heading-title elementor-size-default translation-block\">La Prometida<br> no es un concepto.<\/h2>\t\t\t\t<\/div>\n\t\t\t\t<\/div>\n\t\t\t\t<div class=\"elementor-element elementor-element-189aeaf elementor-hidden-desktop elementor-hidden-laptop elementor-hidden-tablet elementor-widget elementor-widget-heading\" data-id=\"189aeaf\" data-element_type=\"widget\" data-e-type=\"widget\" data-widget_type=\"heading.default\">\n\t\t\t\t<div class=\"elementor-widget-container\">\n\t\t\t\t\t<h2 class=\"elementor-heading-title elementor-size-default translation-block\">La Prometida<br> no es un concepto.<\/h2>\t\t\t\t<\/div>\n\t\t\t\t<\/div>\n\t\t\t\t<div class=\"elementor-element elementor-element-68b1abd elementor-widget elementor-widget-text-editor\" data-id=\"68b1abd\" data-element_type=\"widget\" data-e-type=\"widget\" data-widget_type=\"text-editor.default\">\n\t\t\t\t<div class=\"elementor-widget-container\">\n\t\t\t\t\t\t\t\t\t<p>Es un sue\u00f1o vivido \u2014 nacido de dos viajeros que se enamoraron del Caribe y quisieron compartir una forma m\u00e1s pausada de estar.<\/p><p>No construimos un hotel.<\/p><p>Abrimos una casa, y la llenamos con todo lo que alguna vez nos hizo sentir en paz, inspirados y profundamente conectados.<\/p>\t\t\t\t\t\t\t\t<\/div>\n\t\t\t\t<\/div>\n\t\t\t\t\t<\/div>\n\t\t<\/div>\n\t\t\t\t<div class=\"elementor-column elementor-col-50 elementor-top-column elementor-element elementor-element-0e31532\" data-id=\"0e31532\" data-element_type=\"column\" data-e-type=\"column\">\n\t\t\t<div class=\"elementor-widget-wrap elementor-element-populated\">\n\t\t\t\t\t\t<div class=\"elementor-element elementor-element-1995142 elementor-widget elementor-widget-qi_addons_for_elementor_image_slider\" data-id=\"1995142\" data-element_type=\"widget\" data-e-type=\"widget\" data-widget_type=\"qi_addons_for_elementor_image_slider.default\">\n\t\t\t\t<div class=\"elementor-widget-container\">\n\t\t\t\t\t<div class=\"qodef-shortcode qodef-m qodef-qi-image-slider qodef-col-num--1 qodef-qi-grid qodef-qi-swiper-container qodef-pagination--outside qodef-pagination-alignment--end qodef--pagination-numbers\" data-options=\"{&quot;direction&quot;:&quot;horizontal&quot;,&quot;slidesPerView&quot;:&quot;1&quot;,&quot;spaceBetween&quot;:30,&quot;spaceBetweenTablet&quot;:30,&quot;spaceBetweenMobile&quot;:30,&quot;effect&quot;:&quot;slide&quot;,&quot;loop&quot;:true,&quot;autoplay&quot;:true,&quot;centeredSlides&quot;:true,&quot;speed&quot;:&quot;5000&quot;,&quot;speedAnimation&quot;:&quot;1500&quot;,&quot;outsideNavigation&quot;:&quot;no&quot;,&quot;outsidePagination&quot;:&quot;yes&quot;,&quot;unique&quot;:851,&quot;partialValue&quot;:0,&quot;disablePartialValue&quot;:&quot;&quot;,&quot;parallax&quot;:&quot;no&quot;}\">\n\t<div class=\"swiper-wrapper\">\n\t\t<div class=\"qodef-e swiper-slide\">\n\t<div class=\"qodef-e-inner\">\n\t\t<div class=\"qodef-e-inner-holder\">\n\t\t\t\t\t\t\t<img fetchpriority=\"high\" decoding=\"async\" width=\"1200\" height=\"801\" src=\"https:\/\/laprometidahotel.com\/wp-content\/uploads\/2025\/06\/about-1.webp\" class=\"attachment-full size-full\" alt=\"\" srcset=\"https:\/\/laprometidahotel.com\/wp-content\/uploads\/2025\/06\/about-1.webp 1200w, https:\/\/laprometidahotel.com\/wp-content\/uploads\/2025\/06\/about-1-300x200.webp 300w, https:\/\/laprometidahotel.com\/wp-content\/uploads\/2025\/06\/about-1-1024x684.webp 1024w, https:\/\/laprometidahotel.com\/wp-content\/uploads\/2025\/06\/about-1-768x513.webp 768w\" sizes=\"(max-width: 1200px) 100vw, 1200px\" \/>\t\t\t\t\t<\/div>\n\t<\/div>\n\t<\/div>\n<div class=\"qodef-e swiper-slide\">\n\t<div class=\"qodef-e-inner\">\n\t\t<div class=\"qodef-e-inner-holder\">\n\t\t\t\t\t\t\t<img decoding=\"async\" width=\"1200\" height=\"800\" src=\"https:\/\/laprometidahotel.com\/wp-content\/uploads\/2025\/06\/about-2.webp\" class=\"attachment-full size-full\" alt=\"\" srcset=\"https:\/\/laprometidahotel.com\/wp-content\/uploads\/2025\/06\/about-2.webp 1200w, https:\/\/laprometidahotel.com\/wp-content\/uploads\/2025\/06\/about-2-300x200.webp 300w, https:\/\/laprometidahotel.com\/wp-content\/uploads\/2025\/06\/about-2-1024x683.webp 1024w, https:\/\/laprometidahotel.com\/wp-content\/uploads\/2025\/06\/about-2-768x512.webp 768w\" sizes=\"(max-width: 1200px) 100vw, 1200px\" \/>\t\t\t\t\t<\/div>\n\t<\/div>\n\t<\/div>\n<div class=\"qodef-e swiper-slide\">\n\t<div class=\"qodef-e-inner\">\n\t\t<div class=\"qodef-e-inner-holder\">\n\t\t\t\t\t\t\t<img decoding=\"async\" width=\"1200\" height=\"800\" src=\"https:\/\/laprometidahotel.com\/wp-content\/uploads\/2025\/06\/about-3.webp\" class=\"attachment-full size-full\" alt=\"\" srcset=\"https:\/\/laprometidahotel.com\/wp-content\/uploads\/2025\/06\/about-3.webp 1200w, https:\/\/laprometidahotel.com\/wp-content\/uploads\/2025\/06\/about-3-300x200.webp 300w, https:\/\/laprometidahotel.com\/wp-content\/uploads\/2025\/06\/about-3-1024x683.webp 1024w, https:\/\/laprometidahotel.com\/wp-content\/uploads\/2025\/06\/about-3-768x512.webp 768w\" sizes=\"(max-width: 1200px) 100vw, 1200px\" \/>\t\t\t\t\t<\/div>\n\t<\/div>\n\t<\/div>\n<div class=\"qodef-e swiper-slide\">\n\t<div class=\"qodef-e-inner\">\n\t\t<div class=\"qodef-e-inner-holder\">\n\t\t\t\t\t\t\t<img loading=\"lazy\" decoding=\"async\" width=\"1200\" height=\"800\" src=\"https:\/\/laprometidahotel.com\/wp-content\/uploads\/2025\/06\/about-4.webp\" class=\"attachment-full size-full\" alt=\"\" srcset=\"https:\/\/laprometidahotel.com\/wp-content\/uploads\/2025\/06\/about-4.webp 1200w, https:\/\/laprometidahotel.com\/wp-content\/uploads\/2025\/06\/about-4-300x200.webp 300w, https:\/\/laprometidahotel.com\/wp-content\/uploads\/2025\/06\/about-4-1024x683.webp 1024w, https:\/\/laprometidahotel.com\/wp-content\/uploads\/2025\/06\/about-4-768x512.webp 768w\" sizes=\"(max-width: 1200px) 100vw, 1200px\" \/>\t\t\t\t\t<\/div>\n\t<\/div>\n\t<\/div>\n<div class=\"qodef-e swiper-slide\">\n\t<div class=\"qodef-e-inner\">\n\t\t<div class=\"qodef-e-inner-holder\">\n\t\t\t\t\t\t\t<img loading=\"lazy\" decoding=\"async\" width=\"1200\" height=\"800\" src=\"https:\/\/laprometidahotel.com\/wp-content\/uploads\/2025\/06\/about-5.webp\" class=\"attachment-full size-full\" alt=\"\" srcset=\"https:\/\/laprometidahotel.com\/wp-content\/uploads\/2025\/06\/about-5.webp 1200w, https:\/\/laprometidahotel.com\/wp-content\/uploads\/2025\/06\/about-5-300x200.webp 300w, https:\/\/laprometidahotel.com\/wp-content\/uploads\/2025\/06\/about-5-1024x683.webp 1024w, https:\/\/laprometidahotel.com\/wp-content\/uploads\/2025\/06\/about-5-768x512.webp 768w\" sizes=\"(max-width: 1200px) 100vw, 1200px\" \/>\t\t\t\t\t<\/div>\n\t<\/div>\n\t<\/div>\n\t<\/div>\n\t<\/div>\n\t<div class=\"swiper-pagination qodef-swiper-pagination-outside swiper-pagination-851\"><\/div>\n\t\t\t\t<\/div>\n\t\t\t\t<\/div>\n\t\t\t\t\t<\/div>\n\t\t<\/div>\n\t\t\t\t\t<\/div>\n\t\t<\/section>\n\t\t\t\t<section class=\"elementor-section elementor-top-section elementor-element elementor-element-d8990b4 animated-slow elementor-section-boxed elementor-section-height-default elementor-section-height-default elementor-invisible\" data-id=\"d8990b4\" data-element_type=\"section\" data-e-type=\"section\" data-settings=\"{&quot;animation&quot;:&quot;fadeIn&quot;,&quot;_ha_eqh_enable&quot;:false}\">\n\t\t\t\t\t\t\t<div class=\"elementor-background-overlay\"><\/div>\n\t\t\t\t\t\t\t<div class=\"elementor-container elementor-column-gap-default\">\n\t\t\t\t\t<div class=\"elementor-column elementor-col-100 elementor-top-column elementor-element elementor-element-e28aa85\" data-id=\"e28aa85\" data-element_type=\"column\" data-e-type=\"column\">\n\t\t\t<div class=\"elementor-widget-wrap elementor-element-populated\">\n\t\t\t\t\t\t<div class=\"elementor-element elementor-element-7a550ba elementor-widget elementor-widget-heading\" data-id=\"7a550ba\" data-element_type=\"widget\" data-e-type=\"widget\" data-widget_type=\"heading.default\">\n\t\t\t\t<div class=\"elementor-widget-container\">\n\t\t\t\t\t<h2 class=\"elementor-heading-title elementor-size-default\">Qui\u00e9nes Somos<\/h2>\t\t\t\t<\/div>\n\t\t\t\t<\/div>\n\t\t\t\t<div class=\"elementor-element elementor-element-a5a9c9b elementor-widget-divider--view-line elementor-widget elementor-widget-divider\" data-id=\"a5a9c9b\" data-element_type=\"widget\" data-e-type=\"widget\" data-widget_type=\"divider.default\">\n\t\t\t\t<div class=\"elementor-widget-container\">\n\t\t\t\t\t\t\t<div class=\"elementor-divider\">\n\t\t\t<span class=\"elementor-divider-separator\">\n\t\t\t\t\t\t<\/span>\n\t\t<\/div>\n\t\t\t\t\t\t<\/div>\n\t\t\t\t<\/div>\n\t\t\t\t<div class=\"elementor-element elementor-element-90f6547 elementor-widget elementor-widget-text-editor\" data-id=\"90f6547\" data-element_type=\"widget\" data-e-type=\"widget\" data-widget_type=\"text-editor.default\">\n\t\t\t\t<div class=\"elementor-widget-container\">\n\t\t\t\t\t\t\t\t\t<p>Somos Andrea y Francisco \u2014 compa\u00f1eros de vida, y creadores de La Prometida.<\/p><p>Este proyecto comenz\u00f3 como una promesa tranquila entre nosotros: crear un espacio intencional, sereno y profundamente personal.\u00a0<\/p><p>No para impresionar, ni por moda. Sino por c\u00f3mo te hace sentir.<\/p><p>No siempre estamos a la vista, pero siempre estamos cerca.<\/p><p>Te recibimos, te ayudamos a instalarte\u2026 y despu\u00e9s nos hacemos a un lado \u2014 a menos que quieras quedarte a tomar una copa de vino.<\/p>\t\t\t\t\t\t\t\t<\/div>\n\t\t\t\t<\/div>\n\t\t\t\t\t<\/div>\n\t\t<\/div>\n\t\t\t\t\t<\/div>\n\t\t<\/section>\n\t\t\t\t<section class=\"elementor-section elementor-top-section elementor-element elementor-element-f6ea5d1 animated-slow elementor-section-full_width elementor-section-height-default elementor-section-height-default elementor-invisible\" data-id=\"f6ea5d1\" data-element_type=\"section\" data-e-type=\"section\" data-settings=\"{&quot;animation&quot;:&quot;fadeIn&quot;,&quot;_ha_eqh_enable&quot;:false}\">\n\t\t\t\t\t\t<div class=\"elementor-container elementor-column-gap-default\">\n\t\t\t\t\t<div class=\"elementor-column elementor-col-50 elementor-top-column elementor-element elementor-element-6962f04\" data-id=\"6962f04\" data-element_type=\"column\" data-e-type=\"column\">\n\t\t\t<div class=\"elementor-widget-wrap elementor-element-populated\">\n\t\t\t\t\t\t<div class=\"elementor-element elementor-element-82218a3 elementor-widget elementor-widget-image\" data-id=\"82218a3\" data-element_type=\"widget\" data-e-type=\"widget\" data-widget_type=\"image.default\">\n\t\t\t\t<div class=\"elementor-widget-container\">\n\t\t\t\t\t\t\t\t\t\t\t\t\t\t\t<img loading=\"lazy\" decoding=\"async\" width=\"1200\" height=\"801\" src=\"https:\/\/laprometidahotel.com\/wp-content\/uploads\/2025\/07\/about-believe.webp\" class=\"attachment-full size-full wp-image-6467\" alt=\"\" srcset=\"https:\/\/laprometidahotel.com\/wp-content\/uploads\/2025\/07\/about-believe.webp 1200w, https:\/\/laprometidahotel.com\/wp-content\/uploads\/2025\/07\/about-believe-300x200.webp 300w, https:\/\/laprometidahotel.com\/wp-content\/uploads\/2025\/07\/about-believe-1024x684.webp 1024w, https:\/\/laprometidahotel.com\/wp-content\/uploads\/2025\/07\/about-believe-768x513.webp 768w, https:\/\/laprometidahotel.com\/wp-content\/uploads\/2025\/07\/about-believe-18x12.webp 18w\" sizes=\"(max-width: 1200px) 100vw, 1200px\" \/>\t\t\t\t\t\t\t\t\t\t\t\t\t\t\t<\/div>\n\t\t\t\t<\/div>\n\t\t\t\t\t<\/div>\n\t\t<\/div>\n\t\t\t\t<div class=\"elementor-column elementor-col-50 elementor-top-column elementor-element elementor-element-dffa2c6\" data-id=\"dffa2c6\" data-element_type=\"column\" data-e-type=\"column\">\n\t\t\t<div class=\"elementor-widget-wrap elementor-element-populated\">\n\t\t\t\t\t\t<div class=\"elementor-element elementor-element-4f71a42 elementor-widget elementor-widget-heading\" data-id=\"4f71a42\" data-element_type=\"widget\" data-e-type=\"widget\" data-widget_type=\"heading.default\">\n\t\t\t\t<div class=\"elementor-widget-container\">\n\t\t\t\t\t<h2 class=\"elementor-heading-title elementor-size-default\">En Lo Que Creemos<\/h2>\t\t\t\t<\/div>\n\t\t\t\t<\/div>\n\t\t\t\t<div class=\"elementor-element elementor-element-028f7d2 clist elementor-widget elementor-widget-text-editor\" data-id=\"028f7d2\" data-element_type=\"widget\" data-e-type=\"widget\" data-widget_type=\"text-editor.default\">\n\t\t\t\t<div class=\"elementor-widget-container\">\n\t\t\t\t\t\t\t\t\t<ul><li>La calma no es un lujo \u2014 es un regreso a vos mismo.<\/li><li>Una habitaci\u00f3n debe sentirse como un abrazo.<\/li><li>Un espacio hermoso puede cambiar c\u00f3mo respir\u00e1s.<\/li><li>La fruta debe ser fresca, la luz debe ser suave, y las ma\u00f1anas\u2026 sin apuro.<\/li><li>La hospitalidad real es presencia, respeto y atenci\u00f3n silenciosa.<\/li><\/ul>\t\t\t\t\t\t\t\t<\/div>\n\t\t\t\t<\/div>\n\t\t\t\t\t<\/div>\n\t\t<\/div>\n\t\t\t\t\t<\/div>\n\t\t<\/section>\n\t\t\t\t<section class=\"elementor-section elementor-top-section elementor-element elementor-element-faf47ab elementor-section-boxed elementor-section-height-default elementor-section-height-default\" data-id=\"faf47ab\" data-element_type=\"section\" data-e-type=\"section\" data-settings=\"{&quot;background_background&quot;:&quot;classic&quot;,&quot;_ha_eqh_enable&quot;:false}\">\n\t\t\t\t\t\t\t<div class=\"elementor-background-overlay\"><\/div>\n\t\t\t\t\t\t\t<div class=\"elementor-container elementor-column-gap-default\">\n\t\t\t\t\t<div class=\"elementor-column elementor-col-100 elementor-top-column elementor-element elementor-element-1741ed4\" data-id=\"1741ed4\" data-element_type=\"column\" data-e-type=\"column\">\n\t\t\t<div class=\"elementor-widget-wrap elementor-element-populated\">\n\t\t\t\t\t\t<div class=\"elementor-element elementor-element-9219a01 elementor-widget elementor-widget-text-editor\" data-id=\"9219a01\" data-element_type=\"widget\" data-e-type=\"widget\" data-widget_type=\"text-editor.default\">\n\t\t\t\t<div class=\"elementor-widget-container\">\n\t\t\t\t\t\t\t\t\t<p>Algunos hu\u00e9spedes lo llaman hotel.<br \/>Otros, santuario.<br \/>Y hay quienes no dicen nada \u2014 simplemente respiran m\u00e1s profundo\u2026 y se quedan un poco m\u00e1s.<br \/>No importa c\u00f3mo lo llames. Ojal\u00e1 se sienta como algo que ni sab\u00edas que estabas necesitando.<\/p>\t\t\t\t\t\t\t\t<\/div>\n\t\t\t\t<\/div>\n\t\t\t\t\t<\/div>\n\t\t<\/div>\n\t\t\t\t\t<\/div>\n\t\t<\/section>\n\t\t\t\t<\/div>","protected":false},"excerpt":{"rendered":"<p>The kind of place that only exists when it\u2019s personal. La Prometida is not a concept. La Prometida is not a concept. It\u2019s a lived-in &#8230; <a title=\"About Us\" class=\"read-more\" href=\"https:\/\/laprometidahotel.com\/es\/about-us\/\" aria-label=\"Leer m\u00e1s sobre About Us\">Leer m\u00e1s<\/a><\/p>","protected":false},"author":4,"featured_media":0,"parent":0,"menu_order":0,"comment_status":"closed","ping_status":"closed","template":"elementor_header_footer","meta":{"generate_page_header":"","footnotes":""},"class_list":["post-4668","page","type-page","status-publish"],"yoast_head":"<!-- This site is optimized with the Yoast SEO plugin v27.3 - https:\/\/yoast.com\/product\/yoast-seo-wordpress\/ -->\n<title>About Us | La Prometida Hotel<\/title>\n<meta name=\"description\" content=\"La Prometida is not a concept or just a hotel, it\u2019s a lived-in dream born from two travelers who fell in love with the Caribbean.\" \/>\n<meta name=\"robots\" content=\"index, follow, max-snippet:-1, max-image-preview:large, max-video-preview:-1\" \/>\n<link rel=\"canonical\" href=\"https:\/\/laprometidahotel.com\/es\/about-us\/\" \/>\n<meta property=\"og:locale\" content=\"es_ES\" \/>\n<meta property=\"og:type\" content=\"article\" \/>\n<meta property=\"og:title\" content=\"About Us | La Prometida Hotel\" \/>\n<meta property=\"og:description\" content=\"La Prometida is not a concept or just a hotel, it\u2019s a lived-in dream born from two travelers who fell in love with the Caribbean.\" \/>\n<meta property=\"og:url\" content=\"https:\/\/laprometidahotel.com\/es\/about-us\/\" \/>\n<meta property=\"og:site_name\" content=\"La Prometida Hotel\" \/>\n<meta property=\"article:modified_time\" content=\"2025-10-14T00:53:31+00:00\" \/>\n<meta property=\"og:image\" content=\"https:\/\/laprometidahotel.com\/wp-content\/uploads\/2025\/07\/laprometida-seo.webp\" \/>\n\t<meta property=\"og:image:width\" content=\"950\" \/>\n\t<meta property=\"og:image:height\" content=\"950\" \/>\n\t<meta property=\"og:image:type\" content=\"image\/webp\" \/>\n<meta name=\"twitter:card\" content=\"summary_large_image\" \/>\n<meta name=\"twitter:title\" content=\"About Us | La Prometida Hotel\" \/>\n<meta name=\"twitter:description\" content=\"La Prometida is not a concept or just a hotel, it\u2019s a lived-in dream born from two travelers who fell in love with the Caribbean.\" \/>\n<meta name=\"twitter:image\" content=\"https:\/\/laprometidahotel.com\/wp-content\/uploads\/2025\/07\/laprometida-seo.webp\" \/>\n<meta name=\"twitter:label1\" content=\"Tiempo de lectura\" \/>\n\t<meta name=\"twitter:data1\" content=\"5 minutos\" \/>\n<!-- \/ Yoast SEO plugin. -->","yoast_head_json":{"title":"About Us | La Prometida Hotel","description":"La Prometida is not a concept or just a hotel, it\u2019s a lived-in dream born from two travelers who fell in love with the Caribbean.","robots":{"index":"index","follow":"follow","max-snippet":"max-snippet:-1","max-image-preview":"max-image-preview:large","max-video-preview":"max-video-preview:-1"},"canonical":"https:\/\/laprometidahotel.com\/es\/about-us\/","og_locale":"es_ES","og_type":"article","og_title":"About Us | La Prometida Hotel","og_description":"La Prometida is not a concept or just a hotel, it\u2019s a lived-in dream born from two travelers who fell in love with the Caribbean.","og_url":"https:\/\/laprometidahotel.com\/es\/about-us\/","og_site_name":"La Prometida Hotel","article_modified_time":"2025-10-14T00:53:31+00:00","og_image":[{"width":950,"height":950,"url":"https:\/\/laprometidahotel.com\/wp-content\/uploads\/2025\/07\/laprometida-seo.webp","type":"image\/webp"}],"twitter_card":"summary_large_image","twitter_title":"About Us | La Prometida Hotel","twitter_description":"La Prometida is not a concept or just a hotel, it\u2019s a lived-in dream born from two travelers who fell in love with the Caribbean.","twitter_image":"https:\/\/laprometidahotel.com\/wp-content\/uploads\/2025\/07\/laprometida-seo.webp","twitter_misc":{"Tiempo de lectura":"5 minutos"},"schema":{"@context":"https:\/\/schema.org","@graph":[{"@type":"WebPage","@id":"https:\/\/laprometidahotel.com\/about-us\/","url":"https:\/\/laprometidahotel.com\/about-us\/","name":"About Us | La Prometida Hotel","isPartOf":{"@id":"https:\/\/laprometidahotel.com\/#website"},"primaryImageOfPage":{"@id":"https:\/\/laprometidahotel.com\/about-us\/#primaryimage"},"image":{"@id":"https:\/\/laprometidahotel.com\/about-us\/#primaryimage"},"thumbnailUrl":"https:\/\/laprometidahotel.com\/wp-content\/uploads\/2025\/06\/about-1.webp","datePublished":"2025-06-07T09:18:13+00:00","dateModified":"2025-10-14T00:53:31+00:00","description":"La Prometida is not a concept or just a hotel, it\u2019s a lived-in dream born from two travelers who fell in love with the Caribbean.","breadcrumb":{"@id":"https:\/\/laprometidahotel.com\/about-us\/#breadcrumb"},"inLanguage":"es","potentialAction":[{"@type":"ReadAction","target":["https:\/\/laprometidahotel.com\/about-us\/"]}]},{"@type":"ImageObject","inLanguage":"es","@id":"https:\/\/laprometidahotel.com\/about-us\/#primaryimage","url":"https:\/\/laprometidahotel.com\/wp-content\/uploads\/2025\/06\/about-1.webp","contentUrl":"https:\/\/laprometidahotel.com\/wp-content\/uploads\/2025\/06\/about-1.webp"},{"@type":"BreadcrumbList","@id":"https:\/\/laprometidahotel.com\/about-us\/#breadcrumb","itemListElement":[{"@type":"ListItem","position":1,"name":"Portada","item":"https:\/\/laprometidahotel.com\/"},{"@type":"ListItem","position":2,"name":"About Us"}]},{"@type":"WebSite","@id":"https:\/\/laprometidahotel.com\/#website","url":"https:\/\/laprometidahotel.com\/","name":"La Prometida Hotel","description":"","potentialAction":[{"@type":"SearchAction","target":{"@type":"EntryPoint","urlTemplate":"https:\/\/laprometidahotel.com\/?s={search_term_string}"},"query-input":{"@type":"PropertyValueSpecification","valueRequired":true,"valueName":"search_term_string"}}],"inLanguage":"es"}]}},"_links":{"self":[{"href":"https:\/\/laprometidahotel.com\/es\/wp-json\/wp\/v2\/pages\/4668","targetHints":{"allow":["GET"]}}],"collection":[{"href":"https:\/\/laprometidahotel.com\/es\/wp-json\/wp\/v2\/pages"}],"about":[{"href":"https:\/\/laprometidahotel.com\/es\/wp-json\/wp\/v2\/types\/page"}],"author":[{"embeddable":true,"href":"https:\/\/laprometidahotel.com\/es\/wp-json\/wp\/v2\/users\/4"}],"replies":[{"embeddable":true,"href":"https:\/\/laprometidahotel.com\/es\/wp-json\/wp\/v2\/comments?post=4668"}],"version-history":[{"count":133,"href":"https:\/\/laprometidahotel.com\/es\/wp-json\/wp\/v2\/pages\/4668\/revisions"}],"predecessor-version":[{"id":7285,"href":"https:\/\/laprometidahotel.com\/es\/wp-json\/wp\/v2\/pages\/4668\/revisions\/7285"}],"wp:attachment":[{"href":"https:\/\/laprometidahotel.com\/es\/wp-json\/wp\/v2\/media?parent=4668"}],"curies":[{"name":"wp","href":"https:\/\/api.w.org\/{rel}","templated":true}]}}