{"id":4584,"date":"2025-06-07T10:12:51","date_gmt":"2025-06-07T08:12:51","guid":{"rendered":"https:\/\/laprometidahotel.com\/?page_id=4584"},"modified":"2025-10-14T02:44:23","modified_gmt":"2025-10-14T00:44:23","slug":"contact","status":"publish","type":"page","link":"https:\/\/laprometidahotel.com\/es\/contact\/","title":{"rendered":"Contacto"},"content":{"rendered":"<div data-elementor-type=\"wp-page\" data-elementor-id=\"4584\" class=\"elementor elementor-4584\" data-elementor-settings=\"{&quot;ha_cmc_init_switcher&quot;:&quot;no&quot;}\" data-elementor-post-type=\"page\">\n\t\t\t\t\t\t<section class=\"elementor-section elementor-top-section elementor-element elementor-element-ad48b64 elementor-section-height-min-height elementor-section-items-stretch elementor-section-content-middle elementor-section-boxed elementor-section-height-default\" data-id=\"ad48b64\" data-element_type=\"section\" data-e-type=\"section\" data-settings=\"{&quot;background_background&quot;:&quot;classic&quot;,&quot;_ha_eqh_enable&quot;:false}\">\n\t\t\t\t\t\t\t<div class=\"elementor-background-overlay\"><\/div>\n\t\t\t\t\t\t\t<div class=\"elementor-container elementor-column-gap-default\">\n\t\t\t\t\t<div class=\"elementor-column elementor-col-100 elementor-top-column elementor-element elementor-element-06809bc animated-slow elementor-invisible\" data-id=\"06809bc\" data-element_type=\"column\" data-e-type=\"column\" data-settings=\"{&quot;animation&quot;:&quot;fadeIn&quot;}\">\n\t\t\t<div class=\"elementor-widget-wrap elementor-element-populated\">\n\t\t\t\t\t\t<div class=\"elementor-element elementor-element-38cbf12 elementor-widget elementor-widget-heading\" data-id=\"38cbf12\" data-element_type=\"widget\" data-e-type=\"widget\" data-widget_type=\"heading.default\">\n\t\t\t\t<div class=\"elementor-widget-container\">\n\t\t\t\t\t<h1 class=\"elementor-heading-title elementor-size-default\">Somos f\u00e1ciles de contactar, y felices de escucharte.<\/h1>\t\t\t\t<\/div>\n\t\t\t\t<\/div>\n\t\t\t\t\t<\/div>\n\t\t<\/div>\n\t\t\t\t\t<\/div>\n\t\t<\/section>\n\t\t\t\t<section class=\"elementor-section elementor-top-section elementor-element elementor-element-4e069fb animated-slow elementor-section-full_width elementor-section-height-default elementor-section-height-default elementor-invisible\" data-id=\"4e069fb\" data-element_type=\"section\" data-e-type=\"section\" data-settings=\"{&quot;animation&quot;:&quot;fadeIn&quot;,&quot;_ha_eqh_enable&quot;:false}\">\n\t\t\t\t\t\t\t<div class=\"elementor-background-overlay\"><\/div>\n\t\t\t\t\t\t\t<div class=\"elementor-container elementor-column-gap-default\">\n\t\t\t\t\t<div class=\"elementor-column elementor-col-50 elementor-top-column elementor-element elementor-element-d60b25d animated-slow elementor-invisible\" data-id=\"d60b25d\" data-element_type=\"column\" data-e-type=\"column\" data-settings=\"{&quot;background_background&quot;:&quot;classic&quot;,&quot;animation&quot;:&quot;fadeIn&quot;,&quot;animation_delay&quot;:300,&quot;animation_mobile&quot;:&quot;none&quot;}\">\n\t\t\t<div class=\"elementor-widget-wrap elementor-element-populated\">\n\t\t\t\t\t\t<div class=\"elementor-element elementor-element-f5e6f7a elementor-widget elementor-widget-heading\" data-id=\"f5e6f7a\" data-element_type=\"widget\" data-e-type=\"widget\" data-widget_type=\"heading.default\">\n\t\t\t\t<div class=\"elementor-widget-container\">\n\t\t\t\t\t<h2 class=\"elementor-heading-title elementor-size-default\">\u00bfTienes una pregunta? \u00bfDeseas personalizar tu estad\u00eda? \u00bfBuscas la forma m\u00e1s tranquila de llegar?<\/h2>\t\t\t\t<\/div>\n\t\t\t\t<\/div>\n\t\t\t\t<div class=\"elementor-element elementor-element-6592dc8 elementor-widget__width-initial elementor-widget elementor-widget-text-editor\" data-id=\"6592dc8\" data-element_type=\"widget\" data-e-type=\"widget\" data-widget_type=\"text-editor.default\">\n\t\t\t\t<div class=\"elementor-widget-container\">\n\t\t\t\t\t\t\t\t\t<p>Escr\u00edbinos - respondemos personalmente y lo m\u00e1s r\u00e1pido posibile.<\/p>\n<p>No importa si es tu primera vez en Puerto Viejo o la quinta, te ayudaremos a sentirse como en casa incluso antes de llegar.<\/p>\t\t\t\t\t\t\t\t<\/div>\n\t\t\t\t<\/div>\n\t\t\t\t\t<\/div>\n\t\t<\/div>\n\t\t\t\t<div class=\"elementor-column elementor-col-50 elementor-top-column elementor-element elementor-element-b1f029d animated-slow elementor-invisible\" data-id=\"b1f029d\" data-element_type=\"column\" data-e-type=\"column\" data-settings=\"{&quot;background_background&quot;:&quot;classic&quot;,&quot;animation&quot;:&quot;fadeIn&quot;,&quot;animation_delay&quot;:300,&quot;animation_mobile&quot;:&quot;none&quot;}\">\n\t\t\t<div class=\"elementor-widget-wrap elementor-element-populated\">\n\t\t\t\t\t\t<section class=\"elementor-section elementor-inner-section elementor-element elementor-element-8e626e9 contact-wrap elementor-section-boxed elementor-section-height-default elementor-section-height-default\" data-id=\"8e626e9\" data-element_type=\"section\" data-e-type=\"section\" data-settings=\"{&quot;background_background&quot;:&quot;classic&quot;,&quot;_ha_eqh_enable&quot;:false}\">\n\t\t\t\t\t\t<div class=\"elementor-container elementor-column-gap-default\">\n\t\t\t\t\t<div class=\"elementor-column elementor-col-100 elementor-inner-column elementor-element elementor-element-efd9f61 contact-row\" data-id=\"efd9f61\" data-element_type=\"column\" data-e-type=\"column\">\n\t\t\t<div class=\"elementor-widget-wrap elementor-element-populated\">\n\t\t\t\t\t\t<div class=\"elementor-element elementor-element-f7181de elementor-widget elementor-widget-heading\" data-id=\"f7181de\" data-element_type=\"widget\" data-e-type=\"widget\" data-widget_type=\"heading.default\">\n\t\t\t\t<div class=\"elementor-widget-container\">\n\t\t\t\t\t<h3 class=\"elementor-heading-title elementor-size-default\">Ponte en Contacto<\/h3>\t\t\t\t<\/div>\n\t\t\t\t<\/div>\n\t\t\t\t<div class=\"elementor-element elementor-element-691f550 elementor-align-start elementor-icon-list--layout-traditional elementor-list-item-link-full_width elementor-widget elementor-widget-icon-list\" data-id=\"691f550\" data-element_type=\"widget\" data-e-type=\"widget\" data-widget_type=\"icon-list.default\">\n\t\t\t\t<div class=\"elementor-widget-container\">\n\t\t\t\t\t\t\t<ul class=\"elementor-icon-list-items\">\n\t\t\t\t\t\t\t<li class=\"elementor-icon-list-item\">\n\t\t\t\t\t\t\t\t\t\t\t<a href=\"mailto:hotellaprometida@gmail.com\">\n\n\t\t\t\t\t\t\t\t\t\t\t\t<span class=\"elementor-icon-list-icon\">\n\t\t\t\t\t\t\t<i aria-hidden=\"true\" class=\"far fa-envelope\"><\/i>\t\t\t\t\t\t<\/span>\n\t\t\t\t\t\t\t\t\t\t<span class=\"elementor-icon-list-text\"><b>Email:<\/b> hotellaprometida@gmail.com<\/span>\n\t\t\t\t\t\t\t\t\t\t\t<\/a>\n\t\t\t\t\t\t\t\t\t<\/li>\n\t\t\t\t\t\t\t\t<li class=\"elementor-icon-list-item\">\n\t\t\t\t\t\t\t\t\t\t\t<a href=\"https:\/\/wa.me\/50660941610\" target=\"_blank\" rel=\"nofollow\">\n\n\t\t\t\t\t\t\t\t\t\t\t\t<span class=\"elementor-icon-list-icon\">\n\t\t\t\t\t\t\t<i aria-hidden=\"true\" class=\"fab fa-whatsapp\"><\/i>\t\t\t\t\t\t<\/span>\n\t\t\t\t\t\t\t\t\t\t<span class=\"elementor-icon-list-text\"><b>WhatApp:<\/b> (506) 6094-1610<\/span>\n\t\t\t\t\t\t\t\t\t\t\t<\/a>\n\t\t\t\t\t\t\t\t\t<\/li>\n\t\t\t\t\t\t\t\t<li class=\"elementor-icon-list-item\">\n\t\t\t\t\t\t\t\t\t\t\t<a href=\"https:\/\/www.instagram.com\/laprometidahotel\" target=\"_blank\" rel=\"nofollow\">\n\n\t\t\t\t\t\t\t\t\t\t\t\t<span class=\"elementor-icon-list-icon\">\n\t\t\t\t\t\t\t<i aria-hidden=\"true\" class=\"fab fa-instagram\"><\/i>\t\t\t\t\t\t<\/span>\n\t\t\t\t\t\t\t\t\t\t<span class=\"elementor-icon-list-text\"><b>Instagram:<\/b> @laprometidahotel<\/span>\n\t\t\t\t\t\t\t\t\t\t\t<\/a>\n\t\t\t\t\t\t\t\t\t<\/li>\n\t\t\t\t\t\t\t\t<li class=\"elementor-icon-list-item\">\n\t\t\t\t\t\t\t\t\t\t\t<span class=\"elementor-icon-list-icon\">\n\t\t\t\t\t\t\t<i aria-hidden=\"true\" class=\"huge huge-location-share-01\"><\/i>\t\t\t\t\t\t<\/span>\n\t\t\t\t\t\t\t\t\t\t<span class=\"elementor-icon-list-text\"><b>Ubicaci\u00f3n: <\/b>Playa Negra, Puerto Viejo, Lim\u00f3n, Costa Rica<\/span>\n\t\t\t\t\t\t\t\t\t<\/li>\n\t\t\t\t\t\t<\/ul>\n\t\t\t\t\t\t<\/div>\n\t\t\t\t<\/div>\n\t\t\t\t<div class=\"elementor-element elementor-element-637cb8d elementor-widget elementor-widget-google_maps\" data-id=\"637cb8d\" data-element_type=\"widget\" data-e-type=\"widget\" data-widget_type=\"google_maps.default\">\n\t\t\t\t<div class=\"elementor-widget-container\">\n\t\t\t\t\t\t\t<div class=\"elementor-custom-embed\">\n\t\t\t<iframe loading=\"lazy\"\n\t\t\t\t\tsrc=\"https:\/\/maps.google.com\/maps?q=La%20Prometida%20Hotel&#038;t=m&#038;z=18&#038;output=embed&#038;iwloc=near\"\n\t\t\t\t\ttitle=\"La Prometida Hotel\"\n\t\t\t\t\taria-label=\"La Prometida Hotel\"\n\t\t\t><\/iframe>\n\t\t<\/div>\n\t\t\t\t\t\t<\/div>\n\t\t\t\t<\/div>\n\t\t\t\t\t<\/div>\n\t\t<\/div>\n\t\t\t\t\t<\/div>\n\t\t<\/section>\n\t\t\t\t\t<\/div>\n\t\t<\/div>\n\t\t\t\t\t<\/div>\n\t\t<\/section>\n\t\t\t\t<section class=\"elementor-section elementor-top-section elementor-element elementor-element-18e7691 animated-slow elementor-reverse-tablet elementor-reverse-mobile elementor-section-boxed elementor-section-height-default elementor-section-height-default elementor-invisible\" data-id=\"18e7691\" data-element_type=\"section\" data-e-type=\"section\" data-settings=\"{&quot;animation&quot;:&quot;fadeIn&quot;,&quot;background_background&quot;:&quot;classic&quot;,&quot;_ha_eqh_enable&quot;:false}\">\n\t\t\t\t\t\t<div class=\"elementor-container elementor-column-gap-default\">\n\t\t\t\t\t<div class=\"elementor-column elementor-col-50 elementor-top-column elementor-element elementor-element-b98b25c\" data-id=\"b98b25c\" data-element_type=\"column\" data-e-type=\"column\">\n\t\t\t<div class=\"elementor-widget-wrap elementor-element-populated\">\n\t\t\t\t\t\t<div class=\"elementor-element elementor-element-29df0f1 elementor-widget elementor-widget-heading\" data-id=\"29df0f1\" data-element_type=\"widget\" data-e-type=\"widget\" data-widget_type=\"heading.default\">\n\t\t\t\t<div class=\"elementor-widget-container\">\n\t\t\t\t\t<h2 class=\"elementor-heading-title elementor-size-default\">C\u00f3mo Llegar<\/h2>\t\t\t\t<\/div>\n\t\t\t\t<\/div>\n\t\t\t\t<div class=\"elementor-element elementor-element-6d1b3ff clist elementor-widget elementor-widget-text-editor\" data-id=\"6d1b3ff\" data-element_type=\"widget\" data-e-type=\"widget\" data-widget_type=\"text-editor.default\">\n\t\t\t\t<div class=\"elementor-widget-container\">\n\t\t\t\t\t\t\t\t\t<p>Estamos ubicados en Playa Negra \u2014 a solo 5 minutos en auto o a 20 minutos caminando desde el centro de Puerto Viejo<\/p>\t\t\t\t\t\t\t\t<\/div>\n\t\t\t\t<\/div>\n\t\t\t\t<div class=\"elementor-element elementor-element-e4e8b88 clist elementor-widget elementor-widget-text-editor\" data-id=\"e4e8b88\" data-element_type=\"widget\" data-e-type=\"widget\" data-widget_type=\"text-editor.default\">\n\t\t\t\t<div class=\"elementor-widget-container\">\n\t\t\t\t\t\t\t\t\t<p><strong>Formas m\u00e1s comunes de llegar:<\/strong><\/p>\n<ul>\n<li><strong>Conductor Privado: <\/strong>La forma m\u00e1s c\u00f3moda. Te ayudamos a reservar.<\/li>\n<li><strong>Transporte Compartido:<\/strong> with external companies that provide the service.<\/li>\n<li><strong>Renta de autom\u00f3vil: <\/strong>Easy drive from San Jos\u00e9 (approx. 3\u20134 hours).<\/li>\n<li><strong>Autobus: <\/strong>Desde la Terminal MEPE en San Jos\u00e9. Llegada a Puerto Viejo.<\/li>\n<li><strong>Avi\u00f3n + Taxi:<\/strong>&nbsp;un vuelo de 35 minutos desde San Jos\u00e9 a Lim\u00f3n, y luego 45 minutos de taxi hasta nosotros.<\/li>\n<\/ul>\n<p>\ud83d\udccc Se te enviar\u00e1n las instrucciones detalladas y el enlace de Google Maps una vez que hayas realizado tu reserva.<\/p>\t\t\t\t\t\t\t\t<\/div>\n\t\t\t\t<\/div>\n\t\t\t\t\t<\/div>\n\t\t<\/div>\n\t\t\t\t<div class=\"elementor-column elementor-col-50 elementor-top-column elementor-element elementor-element-89619f9\" data-id=\"89619f9\" data-element_type=\"column\" data-e-type=\"column\">\n\t\t\t<div class=\"elementor-widget-wrap elementor-element-populated\">\n\t\t\t\t\t\t<div class=\"elementor-element elementor-element-fc172e3 elementor-widget elementor-widget-image\" data-id=\"fc172e3\" data-element_type=\"widget\" data-e-type=\"widget\" data-widget_type=\"image.default\">\n\t\t\t\t<div class=\"elementor-widget-container\">\n\t\t\t\t\t\t\t\t\t\t\t\t\t\t\t<img fetchpriority=\"high\" decoding=\"async\" width=\"958\" height=\"600\" src=\"https:\/\/laprometidahotel.com\/wp-content\/uploads\/2025\/07\/contact-location.webp\" class=\"attachment-full size-full wp-image-6512\" alt=\"\" srcset=\"https:\/\/laprometidahotel.com\/wp-content\/uploads\/2025\/07\/contact-location.webp 958w, https:\/\/laprometidahotel.com\/wp-content\/uploads\/2025\/07\/contact-location-300x188.webp 300w, https:\/\/laprometidahotel.com\/wp-content\/uploads\/2025\/07\/contact-location-768x481.webp 768w, https:\/\/laprometidahotel.com\/wp-content\/uploads\/2025\/07\/contact-location-18x12.webp 18w\" sizes=\"(max-width: 958px) 100vw, 958px\" \/>\t\t\t\t\t\t\t\t\t\t\t\t\t\t\t<\/div>\n\t\t\t\t<\/div>\n\t\t\t\t\t<\/div>\n\t\t<\/div>\n\t\t\t\t\t<\/div>\n\t\t<\/section>\n\t\t\t\t<section class=\"elementor-section elementor-top-section elementor-element elementor-element-28d54f1 animated-slow elementor-section-boxed elementor-section-height-default elementor-section-height-default elementor-invisible\" data-id=\"28d54f1\" data-element_type=\"section\" data-e-type=\"section\" data-settings=\"{&quot;background_background&quot;:&quot;classic&quot;,&quot;animation&quot;:&quot;fadeIn&quot;,&quot;_ha_eqh_enable&quot;:false}\">\n\t\t\t\t\t\t\t<div class=\"elementor-background-overlay\"><\/div>\n\t\t\t\t\t\t\t<div class=\"elementor-container elementor-column-gap-default\">\n\t\t\t\t\t<div class=\"elementor-column elementor-col-100 elementor-top-column elementor-element elementor-element-b08fa2d animated-slow elementor-invisible\" data-id=\"b08fa2d\" data-element_type=\"column\" data-e-type=\"column\" data-settings=\"{&quot;background_background&quot;:&quot;classic&quot;,&quot;animation&quot;:&quot;fadeIn&quot;,&quot;animation_delay&quot;:300}\">\n\t\t\t<div class=\"elementor-widget-wrap elementor-element-populated\">\n\t\t\t\t\t\t<div class=\"elementor-element elementor-element-9e9f3c0 elementor-widget elementor-widget-heading\" data-id=\"9e9f3c0\" data-element_type=\"widget\" data-e-type=\"widget\" data-widget_type=\"heading.default\">\n\t\t\t\t<div class=\"elementor-widget-container\">\n\t\t\t\t\t<h2 class=\"elementor-heading-title elementor-size-default\">Preg\u00fantanos lo que quieras. Cu\u00e9ntanos qu\u00e9 necesitas.<\/h2>\t\t\t\t<\/div>\n\t\t\t\t<\/div>\n\t\t\t\t<div class=\"elementor-element elementor-element-746f4cb elementor-widget-divider--view-line elementor-widget elementor-widget-divider\" data-id=\"746f4cb\" data-element_type=\"widget\" data-e-type=\"widget\" data-widget_type=\"divider.default\">\n\t\t\t\t<div class=\"elementor-widget-container\">\n\t\t\t\t\t\t\t<div class=\"elementor-divider\">\n\t\t\t<span class=\"elementor-divider-separator\">\n\t\t\t\t\t\t<\/span>\n\t\t<\/div>\n\t\t\t\t\t\t<\/div>\n\t\t\t\t<\/div>\n\t\t\t\t<div class=\"elementor-element elementor-element-b4b6d65 elementor-widget elementor-widget-text-editor\" data-id=\"b4b6d65\" data-element_type=\"widget\" data-e-type=\"widget\" data-widget_type=\"text-editor.default\">\n\t\t\t\t<div class=\"elementor-widget-container\">\n\t\t\t\t\t\t\t\t\t<p>Estamos aqu\u00ed para facilitar tu llegada.<\/p>\t\t\t\t\t\t\t\t<\/div>\n\t\t\t\t<\/div>\n\t\t\t\t<div class=\"elementor-element elementor-element-caec3f1 elementor-widget__width-auto elementor-widget elementor-widget-ucaddon_creative_buttons\" data-id=\"caec3f1\" data-element_type=\"widget\" data-e-type=\"widget\" data-widget_type=\"ucaddon_creative_buttons.default\">\n\t\t\t\t<div class=\"elementor-widget-container\">\n\t\t\t\t\t\n<!-- start Creative Button Hovers -->\n<style>\/* widget: Creative Button Hovers *\/\n\n#uc_creative_buttons_elementor_caec3f1.uc_creative_buttons .uc_button,\n#uc_creative_buttons_elementor_caec3f1.uc_creative_buttons .uc_button::after,\n#uc_creative_buttons_elementor_caec3f1 .uc_creative_buttons_icon{\n\ttransition: all 0.4s;\n}\n\n#uc_creative_buttons_elementor_caec3f1.uc_creative_buttons .uc_button {\n  overflow:hidden;\n}\n\n#uc_creative_buttons_elementor_caec3f1 .uc_button_wrapper{\n  display: flex;\n  align-items: center;\n  justify-content: center;\n}\n\n\/* start styles *\/\n#uc_creative_buttons_elementor_caec3f1 .uc_content{\n  display: flex;\n  flex-wrap: wrap;\n}\n\n\/* GENERAL BUTTON STYLING *\/\n#uc_creative_buttons_elementor_caec3f1 .uc_button,\n#uc_creative_buttons_elementor_caec3f1 .uc_button::after {\n\ttransition: all 0.3s;\n}\n\n#uc_creative_buttons_elementor_caec3f1 .uc_button {\n  margin: 0 auto;\n  position: relative;\n  text-align: center;\n}\n\n#uc_creative_buttons_elementor_caec3f1 .uc_button span{\n  z-index: 2;\n  position: relative;\n  display: block;\n}\n\n#uc_creative_buttons_elementor_caec3f1 .uc_button::before,\n#uc_creative_buttons_elementor_caec3f1 .uc_button::after {\n  content: '';\n  position: absolute;\n  z-index: 1;\n}\n\n\/* BUTTON 1 *\/\n#uc_creative_buttons_elementor_caec3f1 .uc_btn-1::after {\n  height: 0;\n  left: 0;\n  top: 0;\n  width: 100%;\n}\n\n#uc_creative_buttons_elementor_caec3f1 .uc_btn-1:hover:after {\n  height: 100%;\n}\n\n\/* BUTTON 7 *\/\n#uc_creative_buttons_elementor_caec3f1 .uc_btn-7::after {\n  height: 0;\n  left: 0;\n  bottom: 0;\n  width: 100%;\n}\n\n#uc_creative_buttons_elementor_caec3f1 .uc_btn-7:hover:after {\n  height: 100%;\n}\n\n\/* BUTTON 2 *\/\n#uc_creative_buttons_elementor_caec3f1 .uc_btn-2::after {\n  height: 100%;\n  left: 0;\n  top: 0;\n  width: 0;\n}\n\n#uc_creative_buttons_elementor_caec3f1 .uc_btn-2:hover:after {\n  width: 100%;\n}\n\n\/* BUTTON 6 *\/\n#uc_creative_buttons_elementor_caec3f1 .uc_btn-6::after {\n  height: 100%;\n  right: 0;\n  top: 0;\n  width: 0;\n}\n\n#uc_creative_buttons_elementor_caec3f1 .uc_btn-6:hover:after {\n  width: 100%;\n}\n\n\/* BUTTON 3 *\/\n#uc_creative_buttons_elementor_caec3f1 .uc_btn-3::after {\n  height: 0;\n  left: 50%;\n  top: 50%;\n  width: 0;\n}\n\n#uc_creative_buttons_elementor_caec3f1 .uc_btn-3:hover:after {\n  height: 100%;\n  left: 0;\n  top: 0;\n  width: 100%;\n}\n\n\n\/* BUTTON 4 *\/\n#uc_creative_buttons_elementor_caec3f1 .uc_btn-4::before {\n}\n\n#uc_creative_buttons_elementor_caec3f1 .uc_btn-4::after {\n  height: 100%;\n  left: 0;\n  top: 0;\n  width: 100%;\n}\n\n#uc_creative_buttons_elementor_caec3f1 .uc_btn-4:hover:after{\n  height: 0;\n  left: 50%;\n  top: 50%;\n  width: 0;\n}\n\n\n\/* BUTTON 5 *\/\n#uc_creative_buttons_elementor_caec3f1 .uc_btn-5 {\n  overflow: hidden;\n}\n\n#uc_creative_buttons_elementor_caec3f1 .uc_btn-5::after {\n  height: 100%;\n  left: -100%;\n  top: 0;\n  transform: skew(50deg);\n  transition-duration: 0.6s;\n  transform-origin: top left;\n  width: 0;\n}\n\n#uc_creative_buttons_elementor_caec3f1 .uc_btn-5:hover:after {\n  height: 100%;\n  width: 200%;\n}\n\/* end styles *\/\n\n<\/style>\n\n\n<div class=\"uc_creative_buttons\" id=\"uc_creative_buttons_elementor_caec3f1\">\n  <div class=\"container\">\n    <a href=\"https:\/\/wa.me\/50660941610\" class=\"uc_button button-padding uc_btn-2\"  target='_blank' rel='nofollow'>\n                    <span>Env\u00edanos un Mensaje<\/span>\n          <\/a>\n  <\/div>\n<\/div>\n<!-- end Creative Button Hovers -->\t\t\t\t<\/div>\n\t\t\t\t<\/div>\n\t\t\t\t\t<\/div>\n\t\t<\/div>\n\t\t\t\t\t<\/div>\n\t\t<\/section>\n\t\t\t\t<\/div>","protected":false},"excerpt":{"rendered":"<p>We\u2019re easy to reach. And happy to hear from you. Have a question? Want to personalize your stay? Looking for the calmest way to arrive? &#8230; <a title=\"Contacto\" class=\"read-more\" href=\"https:\/\/laprometidahotel.com\/es\/contact\/\" aria-label=\"Leer m\u00e1s sobre Contact\">Leer m\u00e1s<\/a><\/p>","protected":false},"author":4,"featured_media":0,"parent":0,"menu_order":0,"comment_status":"closed","ping_status":"closed","template":"elementor_header_footer","meta":{"generate_page_header":"","footnotes":""},"class_list":["post-4584","page","type-page","status-publish"],"yoast_head":"<!-- This site is optimized with the Yoast SEO plugin v27.3 - https:\/\/yoast.com\/product\/yoast-seo-wordpress\/ -->\n<title>Contact | La Prometida Hotel<\/title>\n<meta name=\"description\" content=\"Whether it\u2019s your first time in Puerto Viejo or your fifth, we\u2019ll help you feel at home before you even get here.\" \/>\n<meta name=\"robots\" content=\"index, follow, max-snippet:-1, max-image-preview:large, max-video-preview:-1\" \/>\n<link rel=\"canonical\" href=\"https:\/\/laprometidahotel.com\/es\/contact\/\" \/>\n<meta property=\"og:locale\" content=\"es_ES\" \/>\n<meta property=\"og:type\" content=\"article\" \/>\n<meta property=\"og:title\" content=\"Contact | La Prometida Hotel\" \/>\n<meta property=\"og:description\" content=\"Whether it\u2019s your first time in Puerto Viejo or your fifth, we\u2019ll help you feel at home before you even get here.\" \/>\n<meta property=\"og:url\" content=\"https:\/\/laprometidahotel.com\/es\/contact\/\" \/>\n<meta property=\"og:site_name\" content=\"La Prometida Hotel\" \/>\n<meta property=\"article:modified_time\" content=\"2025-10-14T00:44:23+00:00\" \/>\n<meta property=\"og:image\" content=\"https:\/\/laprometidahotel.com\/wp-content\/uploads\/2025\/07\/laprometida-seo.webp\" \/>\n\t<meta property=\"og:image:width\" content=\"950\" \/>\n\t<meta property=\"og:image:height\" content=\"950\" \/>\n\t<meta property=\"og:image:type\" content=\"image\/webp\" \/>\n<meta name=\"twitter:card\" content=\"summary_large_image\" \/>\n<meta name=\"twitter:title\" content=\"Contact | La Prometida Hotel\" \/>\n<meta name=\"twitter:description\" content=\"Whether it\u2019s your first time in Puerto Viejo or your fifth, we\u2019ll help you feel at home before you even get here.\" \/>\n<meta name=\"twitter:image\" content=\"https:\/\/laprometidahotel.com\/wp-content\/uploads\/2025\/07\/laprometida-seo.webp\" \/>\n<meta name=\"twitter:label1\" content=\"Tiempo de lectura\" \/>\n\t<meta name=\"twitter:data1\" content=\"2 minutos\" \/>\n<!-- \/ Yoast SEO plugin. -->","yoast_head_json":{"title":"Contact | La Prometida Hotel","description":"No importa si es tu primera vez en Puerto Viejo o la quinta, te ayudaremos a sentirse como en casa incluso antes de llegar.","robots":{"index":"index","follow":"follow","max-snippet":"max-snippet:-1","max-image-preview":"max-image-preview:large","max-video-preview":"max-video-preview:-1"},"canonical":"https:\/\/laprometidahotel.com\/es\/contact\/","og_locale":"es_ES","og_type":"article","og_title":"Contact | La Prometida Hotel","og_description":"Whether it\u2019s your first time in Puerto Viejo or your fifth, we\u2019ll help you feel at home before you even get here.","og_url":"https:\/\/laprometidahotel.com\/es\/contact\/","og_site_name":"La Prometida Hotel","article_modified_time":"2025-10-14T00:44:23+00:00","og_image":[{"width":950,"height":950,"url":"https:\/\/laprometidahotel.com\/wp-content\/uploads\/2025\/07\/laprometida-seo.webp","type":"image\/webp"}],"twitter_card":"summary_large_image","twitter_title":"Contact | La Prometida Hotel","twitter_description":"Whether it\u2019s your first time in Puerto Viejo or your fifth, we\u2019ll help you feel at home before you even get here.","twitter_image":"https:\/\/laprometidahotel.com\/wp-content\/uploads\/2025\/07\/laprometida-seo.webp","twitter_misc":{"Tiempo de lectura":"2 minutos"},"schema":{"@context":"https:\/\/schema.org","@graph":[{"@type":"WebPage","@id":"https:\/\/laprometidahotel.com\/contact\/","url":"https:\/\/laprometidahotel.com\/contact\/","name":"Contact | La Prometida Hotel","isPartOf":{"@id":"https:\/\/laprometidahotel.com\/#website"},"primaryImageOfPage":{"@id":"https:\/\/laprometidahotel.com\/contact\/#primaryimage"},"image":{"@id":"https:\/\/laprometidahotel.com\/contact\/#primaryimage"},"thumbnailUrl":"https:\/\/laprometidahotel.com\/wp-content\/uploads\/2025\/07\/contact-location.webp","datePublished":"2025-06-07T08:12:51+00:00","dateModified":"2025-10-14T00:44:23+00:00","description":"No importa si es tu primera vez en Puerto Viejo o la quinta, te ayudaremos a sentirse como en casa incluso antes de llegar.","breadcrumb":{"@id":"https:\/\/laprometidahotel.com\/contact\/#breadcrumb"},"inLanguage":"es","potentialAction":[{"@type":"ReadAction","target":["https:\/\/laprometidahotel.com\/contact\/"]}]},{"@type":"ImageObject","inLanguage":"es","@id":"https:\/\/laprometidahotel.com\/contact\/#primaryimage","url":"https:\/\/laprometidahotel.com\/wp-content\/uploads\/2025\/07\/contact-location.webp","contentUrl":"https:\/\/laprometidahotel.com\/wp-content\/uploads\/2025\/07\/contact-location.webp"},{"@type":"BreadcrumbList","@id":"https:\/\/laprometidahotel.com\/contact\/#breadcrumb","itemListElement":[{"@type":"ListItem","position":1,"name":"Portada","item":"https:\/\/laprometidahotel.com\/"},{"@type":"ListItem","position":2,"name":"Contact"}]},{"@type":"WebSite","@id":"https:\/\/laprometidahotel.com\/#website","url":"https:\/\/laprometidahotel.com\/","name":"La Prometida Hotel","description":"","potentialAction":[{"@type":"SearchAction","target":{"@type":"EntryPoint","urlTemplate":"https:\/\/laprometidahotel.com\/?s={search_term_string}"},"query-input":{"@type":"PropertyValueSpecification","valueRequired":true,"valueName":"search_term_string"}}],"inLanguage":"es"}]}},"_links":{"self":[{"href":"https:\/\/laprometidahotel.com\/es\/wp-json\/wp\/v2\/pages\/4584","targetHints":{"allow":["GET"]}}],"collection":[{"href":"https:\/\/laprometidahotel.com\/es\/wp-json\/wp\/v2\/pages"}],"about":[{"href":"https:\/\/laprometidahotel.com\/es\/wp-json\/wp\/v2\/types\/page"}],"author":[{"embeddable":true,"href":"https:\/\/laprometidahotel.com\/es\/wp-json\/wp\/v2\/users\/4"}],"replies":[{"embeddable":true,"href":"https:\/\/laprometidahotel.com\/es\/wp-json\/wp\/v2\/comments?post=4584"}],"version-history":[{"count":172,"href":"https:\/\/laprometidahotel.com\/es\/wp-json\/wp\/v2\/pages\/4584\/revisions"}],"predecessor-version":[{"id":7237,"href":"https:\/\/laprometidahotel.com\/es\/wp-json\/wp\/v2\/pages\/4584\/revisions\/7237"}],"wp:attachment":[{"href":"https:\/\/laprometidahotel.com\/es\/wp-json\/wp\/v2\/media?parent=4584"}],"curies":[{"name":"wp","href":"https:\/\/api.w.org\/{rel}","templated":true}]}}