{"id":4523,"date":"2025-06-06T15:15:59","date_gmt":"2025-06-06T13:15:59","guid":{"rendered":"https:\/\/laprometidahotel.com\/?page_id=4523"},"modified":"2025-10-14T02:53:20","modified_gmt":"2025-10-14T00:53:20","slug":"experiences","status":"publish","type":"page","link":"https:\/\/laprometidahotel.com\/es\/experiences\/","title":{"rendered":"Experiencias"},"content":{"rendered":"<div data-elementor-type=\"wp-page\" data-elementor-id=\"4523\" class=\"elementor elementor-4523\" data-elementor-settings=\"{&quot;ha_cmc_init_switcher&quot;:&quot;no&quot;}\" data-elementor-post-type=\"page\">\n\t\t\t\t\t\t<section class=\"elementor-section elementor-top-section elementor-element elementor-element-ad48b64 elementor-section-height-min-height elementor-section-items-stretch elementor-section-content-middle elementor-section-boxed elementor-section-height-default\" data-id=\"ad48b64\" data-element_type=\"section\" data-e-type=\"section\" data-settings=\"{&quot;background_background&quot;:&quot;classic&quot;,&quot;_ha_eqh_enable&quot;:false}\">\n\t\t\t\t\t\t\t<div class=\"elementor-background-overlay\"><\/div>\n\t\t\t\t\t\t\t<div class=\"elementor-container elementor-column-gap-default\">\n\t\t\t\t\t<div class=\"elementor-column elementor-col-100 elementor-top-column elementor-element elementor-element-06809bc animated-slow elementor-invisible\" data-id=\"06809bc\" data-element_type=\"column\" data-e-type=\"column\" data-settings=\"{&quot;animation&quot;:&quot;fadeIn&quot;}\">\n\t\t\t<div class=\"elementor-widget-wrap elementor-element-populated\">\n\t\t\t\t\t\t<div class=\"elementor-element elementor-element-38cbf12 elementor-widget elementor-widget-heading\" data-id=\"38cbf12\" data-element_type=\"widget\" data-e-type=\"widget\" data-widget_type=\"heading.default\">\n\t\t\t\t<div class=\"elementor-widget-container\">\n\t\t\t\t\t<h1 class=\"elementor-heading-title elementor-size-default\">No es una lista de cosas por hacer. <br>Es una manera de habitar el tiempo.<\/h1>\t\t\t\t<\/div>\n\t\t\t\t<\/div>\n\t\t\t\t\t<\/div>\n\t\t<\/div>\n\t\t\t\t\t<\/div>\n\t\t<\/section>\n\t\t\t\t<section class=\"elementor-section elementor-top-section elementor-element elementor-element-353e4a4 animated-slow elementor-section-boxed elementor-section-height-default elementor-section-height-default elementor-invisible\" data-id=\"353e4a4\" data-element_type=\"section\" data-e-type=\"section\" data-settings=\"{&quot;animation&quot;:&quot;fadeIn&quot;,&quot;_ha_eqh_enable&quot;:false}\">\n\t\t\t\t\t\t\t<div class=\"elementor-background-overlay\"><\/div>\n\t\t\t\t\t\t\t<div class=\"elementor-container elementor-column-gap-default\">\n\t\t\t\t\t<div class=\"elementor-column elementor-col-100 elementor-top-column elementor-element elementor-element-3c5e676\" data-id=\"3c5e676\" data-element_type=\"column\" data-e-type=\"column\">\n\t\t\t<div class=\"elementor-widget-wrap elementor-element-populated\">\n\t\t\t\t\t\t<div class=\"elementor-element elementor-element-48688b9 elementor-widget elementor-widget-heading\" data-id=\"48688b9\" data-element_type=\"widget\" data-e-type=\"widget\" data-widget_type=\"heading.default\">\n\t\t\t\t<div class=\"elementor-widget-container\">\n\t\t\t\t\t<h2 class=\"elementor-heading-title elementor-size-default\">En La Prometida, cada detalle es parte de la experiencia.<\/h2>\t\t\t\t<\/div>\n\t\t\t\t<\/div>\n\t\t\t\t<div class=\"elementor-element elementor-element-dfdf23c elementor-widget-divider--view-line elementor-widget elementor-widget-divider\" data-id=\"dfdf23c\" data-element_type=\"widget\" data-e-type=\"widget\" data-widget_type=\"divider.default\">\n\t\t\t\t<div class=\"elementor-widget-container\">\n\t\t\t\t\t\t\t<div class=\"elementor-divider\">\n\t\t\t<span class=\"elementor-divider-separator\">\n\t\t\t\t\t\t<\/span>\n\t\t<\/div>\n\t\t\t\t\t\t<\/div>\n\t\t\t\t<\/div>\n\t\t\t\t<div class=\"elementor-element elementor-element-94b29b3 elementor-widget elementor-widget-text-editor\" data-id=\"94b29b3\" data-element_type=\"widget\" data-e-type=\"widget\" data-widget_type=\"text-editor.default\">\n\t\t\t\t<div class=\"elementor-widget-container\">\n\t\t\t\t\t\t\t\t\t<p>No creemos en las agendas apretadas ni en correr de un lado a otro<\/p><p>Preferimos invitarte a bajar el ritmo:<br \/>\u00a0desayunos largos, caminatas descalzas, respiraciones profundas y momentos que se quedan con vos.<\/p><p>Ofrecemos paquetes especiales para lunas de miel y tours bajo pedido \u2014 desde masajes suaves hasta aventuras en la jungla, lo que tu cuerpo (o alma) est\u00e9 necesitando.<\/p><p>Y para cerrar el d\u00eda, nuestro bar est\u00e1 listo con c\u00f3cteles y tragos que acompa\u00f1an la calma.<\/p><p>Esto es lo que hace que alojarte ac\u00e1 se sienta distinto.<\/p>\t\t\t\t\t\t\t\t<\/div>\n\t\t\t\t<\/div>\n\t\t\t\t\t<\/div>\n\t\t<\/div>\n\t\t\t\t\t<\/div>\n\t\t<\/section>\n\t\t\t\t<section class=\"elementor-section elementor-top-section elementor-element elementor-element-3d22628 elementor-section-full_width animated-slow elementor-section-height-default elementor-section-height-default elementor-invisible\" data-id=\"3d22628\" data-element_type=\"section\" data-e-type=\"section\" data-settings=\"{&quot;background_background&quot;:&quot;classic&quot;,&quot;animation&quot;:&quot;fadeIn&quot;,&quot;_ha_eqh_enable&quot;:false}\">\n\t\t\t\t\t\t<div class=\"elementor-container elementor-column-gap-default\">\n\t\t\t\t\t<div class=\"elementor-column elementor-col-50 elementor-top-column elementor-element elementor-element-a0c66d6\" data-id=\"a0c66d6\" data-element_type=\"column\" data-e-type=\"column\">\n\t\t\t<div class=\"elementor-widget-wrap\">\n\t\t\t\t\t\t\t<\/div>\n\t\t<\/div>\n\t\t\t\t<div class=\"elementor-column elementor-col-50 elementor-top-column elementor-element elementor-element-199ffc0 animated-slow elementor-invisible\" data-id=\"199ffc0\" data-element_type=\"column\" data-e-type=\"column\" data-settings=\"{&quot;background_background&quot;:&quot;classic&quot;,&quot;animation&quot;:&quot;fadeIn&quot;,&quot;animation_delay&quot;:300}\">\n\t\t\t<div class=\"elementor-widget-wrap elementor-element-populated\">\n\t\t\t\t\t<div class=\"elementor-background-overlay\"><\/div>\n\t\t\t\t\t\t<div class=\"elementor-element elementor-element-dd771bf elementor-widget elementor-widget-heading\" data-id=\"dd771bf\" data-element_type=\"widget\" data-e-type=\"widget\" data-widget_type=\"heading.default\">\n\t\t\t\t<div class=\"elementor-widget-container\">\n\t\t\t\t\t<h2 class=\"elementor-heading-title elementor-size-default\">Rituales de todos los d\u00edas<\/h2>\t\t\t\t<\/div>\n\t\t\t\t<\/div>\n\t\t\t\t<div class=\"elementor-element elementor-element-827d3c8 ritual-txt elementor-widget elementor-widget-text-editor\" data-id=\"827d3c8\" data-element_type=\"widget\" data-e-type=\"widget\" data-widget_type=\"text-editor.default\">\n\t\t\t\t<div class=\"elementor-widget-container\">\n\t\t\t\t\t\t\t\t\t<ul><li><strong>Caf\u00e9 o t\u00e9 por la ma\u00f1ana, servido en tu habitaci\u00f3n. <\/strong><strong><br \/><\/strong>Despert\u00e1 con calma, con algo caliente listo para vos al abrir la puerta.<\/li><li><strong>Desayuno junto a la piscina<\/strong><strong><br \/><\/strong>Hecho en casa, sin apuros, servido donde la luz se siente m\u00e1s suave.<\/li><li><strong>Recomendaciones locales con intenci\u00f3n<\/strong><strong><br \/><\/strong>Te compartimos nuestros lugares favoritos \u2014 para ver el atardecer, cenar bien o desaparecer por un rato.<\/li><li><strong>Vino al atardecer, descalzos<\/strong><strong><br \/><\/strong>Nada programado. Solo aire, silencio y una copa de algo rico.<\/li><\/ul>\t\t\t\t\t\t\t\t<\/div>\n\t\t\t\t<\/div>\n\t\t\t\t\t<\/div>\n\t\t<\/div>\n\t\t\t\t\t<\/div>\n\t\t<\/section>\n\t\t\t\t<section class=\"elementor-section elementor-top-section elementor-element elementor-element-031a12e animated-slow elementor-section-full_width elementor-section-height-default elementor-section-height-default elementor-invisible\" data-id=\"031a12e\" data-element_type=\"section\" data-e-type=\"section\" data-settings=\"{&quot;animation&quot;:&quot;fadeIn&quot;,&quot;_ha_eqh_enable&quot;:false}\">\n\t\t\t\t\t\t<div class=\"elementor-container elementor-column-gap-no\">\n\t\t\t\t\t<div class=\"elementor-column elementor-col-33 elementor-top-column elementor-element elementor-element-e3e7b49 animated-slow elementor-invisible\" data-id=\"e3e7b49\" data-element_type=\"column\" data-e-type=\"column\" data-settings=\"{&quot;animation&quot;:&quot;fadeIn&quot;,&quot;animation_delay&quot;:300}\">\n\t\t\t<div class=\"elementor-widget-wrap elementor-element-populated\">\n\t\t\t\t\t\t<div class=\"elementor-element elementor-element-7314812 elementor-cta--skin-cover elementor-cta--valign-bottom elementor-bg-transform elementor-bg-transform-zoom-out exp-card elementor-widget elementor-widget-call-to-action\" data-id=\"7314812\" data-element_type=\"widget\" data-e-type=\"widget\" data-widget_type=\"call-to-action.default\">\n\t\t\t\t<div class=\"elementor-widget-container\">\n\t\t\t\t\t\t\t<div class=\"elementor-cta\">\n\t\t\t\t\t<div class=\"elementor-cta__bg-wrapper\">\n\t\t\t\t<div class=\"elementor-cta__bg elementor-bg\" style=\"background-image: url(https:\/\/laprometidahotel.com\/wp-content\/uploads\/2025\/07\/experiencies-1.webp);\" role=\"img\" aria-label=\"experiencies-1\"><\/div>\n\t\t\t\t<div class=\"elementor-cta__bg-overlay\"><\/div>\n\t\t\t<\/div>\n\t\t\t\t\t\t\t<div class=\"elementor-cta__content\">\n\t\t\t\t\n\t\t\t\t\t\t\t\t\t<h3 class=\"elementor-cta__title elementor-cta__content-item elementor-content-item\">\n\t\t\t\t\t\tDetalles extra (con reserva)\t\t\t\t\t<\/h3>\n\t\t\t\t\n\t\t\t\t\t\t\t\t\t<div class=\"elementor-cta__description elementor-cta__content-item elementor-content-item\">\n\t\t\t\t\t\t<ul>\n<li><b>Masaje privado en tu villa<\/b><\/li>\n<li><b>Sesi\u00f3n de fotos<\/b> \u2014 luz natural, gestos suaves, sin poses forzadas.<\/li>\n<li><b>Set rom\u00e1ntico<\/b> para cumplea\u00f1os, propuestas de casamiento o \u201csolo porque s\u00ed\u201d.<\/li>\n<li><b>Coordinaci\u00f3n de transporte<\/b>\u00a0(con aliados locales de confianza)<\/li>\n<\/ul>\t\t\t\t\t<\/div>\n\t\t\t\t\n\t\t\t\t\t\t\t<\/div>\n\t\t\t\t\t\t<\/div>\n\t\t\t\t\t\t<\/div>\n\t\t\t\t<\/div>\n\t\t\t\t\t<\/div>\n\t\t<\/div>\n\t\t\t\t<div class=\"elementor-column elementor-col-33 elementor-top-column elementor-element elementor-element-9293a9b animated-slow elementor-invisible\" data-id=\"9293a9b\" data-element_type=\"column\" data-e-type=\"column\" data-settings=\"{&quot;animation&quot;:&quot;fadeIn&quot;,&quot;animation_delay&quot;:600}\">\n\t\t\t<div class=\"elementor-widget-wrap elementor-element-populated\">\n\t\t\t\t\t\t<div class=\"elementor-element elementor-element-1e8ee20 elementor-cta--skin-cover elementor-cta--valign-bottom elementor-bg-transform elementor-bg-transform-zoom-out exp-card elementor-widget elementor-widget-call-to-action\" data-id=\"1e8ee20\" data-element_type=\"widget\" data-e-type=\"widget\" data-widget_type=\"call-to-action.default\">\n\t\t\t\t<div class=\"elementor-widget-container\">\n\t\t\t\t\t\t\t<div class=\"elementor-cta\">\n\t\t\t\t\t<div class=\"elementor-cta__bg-wrapper\">\n\t\t\t\t<div class=\"elementor-cta__bg elementor-bg\" style=\"background-image: url(https:\/\/laprometidahotel.com\/wp-content\/uploads\/2025\/08\/waterfalls-2.webp);\" role=\"img\" aria-label=\"waterfalls-2\"><\/div>\n\t\t\t\t<div class=\"elementor-cta__bg-overlay\"><\/div>\n\t\t\t<\/div>\n\t\t\t\t\t\t\t<div class=\"elementor-cta__content\">\n\t\t\t\t\n\t\t\t\t\t\t\t\t\t<h3 class=\"elementor-cta__title elementor-cta__content-item elementor-content-item\">\n\t\t\t\t\t\tExperiencias Locales\t\t\t\t\t<\/h3>\n\t\t\t\t\n\t\t\t\t\t\t\t\t\t<div class=\"elementor-cta__description elementor-cta__content-item elementor-content-item\">\n\t\t\t\t\t\t<ul>\n<li>Opciones de transporte.<\/li>\n<li>Actividades relajantes.<\/li>\n<li>Actividades al aire libre.<\/li>\n<li>Y mucho m\u00e1s.<\/li>\n<\/ul>\n<a class=\"page-link\" href=\"\/es\/Descubre todas las experiencias\/\" target=\"_blank\">Descubre todas las experiencias<\/a>\n\n\t\t\t\t\t<\/div>\n\t\t\t\t\n\t\t\t\t\t\t\t<\/div>\n\t\t\t\t\t\t<\/div>\n\t\t\t\t\t\t<\/div>\n\t\t\t\t<\/div>\n\t\t\t\t\t<\/div>\n\t\t<\/div>\n\t\t\t\t<div class=\"elementor-column elementor-col-33 elementor-top-column elementor-element elementor-element-7fb6571 animated-slow elementor-invisible\" data-id=\"7fb6571\" data-element_type=\"column\" data-e-type=\"column\" data-settings=\"{&quot;animation&quot;:&quot;fadeIn&quot;,&quot;animation_delay&quot;:600}\">\n\t\t\t<div class=\"elementor-widget-wrap elementor-element-populated\">\n\t\t\t\t\t\t<div class=\"elementor-element elementor-element-ca91663 elementor-cta--skin-cover elementor-cta--valign-bottom elementor-bg-transform elementor-bg-transform-zoom-out exp-card elementor-widget elementor-widget-call-to-action\" data-id=\"ca91663\" data-element_type=\"widget\" data-e-type=\"widget\" data-widget_type=\"call-to-action.default\">\n\t\t\t\t<div class=\"elementor-widget-container\">\n\t\t\t\t\t\t\t<div class=\"elementor-cta\">\n\t\t\t\t\t<div class=\"elementor-cta__bg-wrapper\">\n\t\t\t\t<div class=\"elementor-cta__bg elementor-bg\" style=\"background-image: url(https:\/\/laprometidahotel.com\/wp-content\/uploads\/2025\/07\/experiencies-2.webp);\" role=\"img\" aria-label=\"experiencies-2\"><\/div>\n\t\t\t\t<div class=\"elementor-cta__bg-overlay\"><\/div>\n\t\t\t<\/div>\n\t\t\t\t\t\t\t<div class=\"elementor-cta__content\">\n\t\t\t\t\n\t\t\t\t\t\t\t\t\t<h3 class=\"elementor-cta__title elementor-cta__content-item elementor-content-item\">\n\t\t\t\t\t\tExperiencias recomendadas\t\t\t\t\t<\/h3>\n\t\t\t\t\n\t\t\t\t\t\t\t\t\t<div class=\"elementor-cta__description elementor-cta__content-item elementor-content-item\">\n\t\t\t\t\t\t<ul>\n<li>Dormir hasta tarde,  sin sentirte culpable.<\/li>\n<li>Tomarte el caf\u00e9 sin mirar el celular.<\/li>\n<li>Sentir que el tiempo se estira, aunque sea un poquito.<\/li>\n<\/ul>\n\n\n\t\t\t\t\t<\/div>\n\t\t\t\t\n\t\t\t\t\t\t\t<\/div>\n\t\t\t\t\t\t<\/div>\n\t\t\t\t\t\t<\/div>\n\t\t\t\t<\/div>\n\t\t\t\t\t<\/div>\n\t\t<\/div>\n\t\t\t\t\t<\/div>\n\t\t<\/section>\n\t\t\t\t<section class=\"elementor-section elementor-top-section elementor-element elementor-element-28d54f1 animated-slow elementor-section-boxed elementor-section-height-default elementor-section-height-default elementor-invisible\" data-id=\"28d54f1\" data-element_type=\"section\" data-e-type=\"section\" data-settings=\"{&quot;background_background&quot;:&quot;classic&quot;,&quot;animation&quot;:&quot;fadeIn&quot;,&quot;_ha_eqh_enable&quot;:false}\">\n\t\t\t\t\t\t\t<div class=\"elementor-background-overlay\"><\/div>\n\t\t\t\t\t\t\t<div class=\"elementor-container elementor-column-gap-default\">\n\t\t\t\t\t<div class=\"elementor-column elementor-col-100 elementor-top-column elementor-element elementor-element-b08fa2d animated-slow elementor-invisible\" data-id=\"b08fa2d\" data-element_type=\"column\" data-e-type=\"column\" data-settings=\"{&quot;background_background&quot;:&quot;classic&quot;,&quot;animation&quot;:&quot;fadeIn&quot;,&quot;animation_delay&quot;:300}\">\n\t\t\t<div class=\"elementor-widget-wrap elementor-element-populated\">\n\t\t\t\t\t\t<div class=\"elementor-element elementor-element-9e9f3c0 elementor-widget elementor-widget-heading\" data-id=\"9e9f3c0\" data-element_type=\"widget\" data-e-type=\"widget\" data-widget_type=\"heading.default\">\n\t\t\t\t<div class=\"elementor-widget-container\">\n\t\t\t\t\t<h2 class=\"elementor-heading-title elementor-size-default\">No queremos que hagas m\u00e1s. Queremos que sientas m\u00e1s.<\/h2>\t\t\t\t<\/div>\n\t\t\t\t<\/div>\n\t\t\t\t<div class=\"elementor-element elementor-element-746f4cb elementor-widget-divider--view-line elementor-widget elementor-widget-divider\" data-id=\"746f4cb\" data-element_type=\"widget\" data-e-type=\"widget\" data-widget_type=\"divider.default\">\n\t\t\t\t<div class=\"elementor-widget-container\">\n\t\t\t\t\t\t\t<div class=\"elementor-divider\">\n\t\t\t<span class=\"elementor-divider-separator\">\n\t\t\t\t\t\t<\/span>\n\t\t<\/div>\n\t\t\t\t\t\t<\/div>\n\t\t\t\t<\/div>\n\t\t\t\t<div class=\"elementor-element elementor-element-b4b6d65 elementor-widget elementor-widget-text-editor\" data-id=\"b4b6d65\" data-element_type=\"widget\" data-e-type=\"widget\" data-widget_type=\"text-editor.default\">\n\t\t\t\t<div class=\"elementor-widget-container\">\n\t\t\t\t\t\t\t\t\t<p>Contanos qu\u00e9 tipo de pausa est\u00e1s buscando.<\/p>\t\t\t\t\t\t\t\t<\/div>\n\t\t\t\t<\/div>\n\t\t\t\t<div class=\"elementor-element elementor-element-caec3f1 elementor-widget__width-auto elementor-widget elementor-widget-ucaddon_creative_buttons\" data-id=\"caec3f1\" data-element_type=\"widget\" data-e-type=\"widget\" data-widget_type=\"ucaddon_creative_buttons.default\">\n\t\t\t\t<div class=\"elementor-widget-container\">\n\t\t\t\t\t\n<!-- start Creative Button Hovers -->\n<style>\/* widget: Creative Button Hovers *\/\n\n#uc_creative_buttons_elementor_caec3f1.uc_creative_buttons .uc_button,\n#uc_creative_buttons_elementor_caec3f1.uc_creative_buttons .uc_button::after,\n#uc_creative_buttons_elementor_caec3f1 .uc_creative_buttons_icon{\n\ttransition: all 0.4s;\n}\n\n#uc_creative_buttons_elementor_caec3f1.uc_creative_buttons .uc_button {\n  overflow:hidden;\n}\n\n#uc_creative_buttons_elementor_caec3f1 .uc_button_wrapper{\n  display: flex;\n  align-items: center;\n  justify-content: center;\n}\n\n\/* start styles *\/\n#uc_creative_buttons_elementor_caec3f1 .uc_content{\n  display: flex;\n  flex-wrap: wrap;\n}\n\n\/* GENERAL BUTTON STYLING *\/\n#uc_creative_buttons_elementor_caec3f1 .uc_button,\n#uc_creative_buttons_elementor_caec3f1 .uc_button::after {\n\ttransition: all 0.3s;\n}\n\n#uc_creative_buttons_elementor_caec3f1 .uc_button {\n  margin: 0 auto;\n  position: relative;\n  text-align: center;\n}\n\n#uc_creative_buttons_elementor_caec3f1 .uc_button span{\n  z-index: 2;\n  position: relative;\n  display: block;\n}\n\n#uc_creative_buttons_elementor_caec3f1 .uc_button::before,\n#uc_creative_buttons_elementor_caec3f1 .uc_button::after {\n  content: '';\n  position: absolute;\n  z-index: 1;\n}\n\n\/* BUTTON 1 *\/\n#uc_creative_buttons_elementor_caec3f1 .uc_btn-1::after {\n  height: 0;\n  left: 0;\n  top: 0;\n  width: 100%;\n}\n\n#uc_creative_buttons_elementor_caec3f1 .uc_btn-1:hover:after {\n  height: 100%;\n}\n\n\/* BUTTON 7 *\/\n#uc_creative_buttons_elementor_caec3f1 .uc_btn-7::after {\n  height: 0;\n  left: 0;\n  bottom: 0;\n  width: 100%;\n}\n\n#uc_creative_buttons_elementor_caec3f1 .uc_btn-7:hover:after {\n  height: 100%;\n}\n\n\/* BUTTON 2 *\/\n#uc_creative_buttons_elementor_caec3f1 .uc_btn-2::after {\n  height: 100%;\n  left: 0;\n  top: 0;\n  width: 0;\n}\n\n#uc_creative_buttons_elementor_caec3f1 .uc_btn-2:hover:after {\n  width: 100%;\n}\n\n\/* BUTTON 6 *\/\n#uc_creative_buttons_elementor_caec3f1 .uc_btn-6::after {\n  height: 100%;\n  right: 0;\n  top: 0;\n  width: 0;\n}\n\n#uc_creative_buttons_elementor_caec3f1 .uc_btn-6:hover:after {\n  width: 100%;\n}\n\n\/* BUTTON 3 *\/\n#uc_creative_buttons_elementor_caec3f1 .uc_btn-3::after {\n  height: 0;\n  left: 50%;\n  top: 50%;\n  width: 0;\n}\n\n#uc_creative_buttons_elementor_caec3f1 .uc_btn-3:hover:after {\n  height: 100%;\n  left: 0;\n  top: 0;\n  width: 100%;\n}\n\n\n\/* BUTTON 4 *\/\n#uc_creative_buttons_elementor_caec3f1 .uc_btn-4::before {\n}\n\n#uc_creative_buttons_elementor_caec3f1 .uc_btn-4::after {\n  height: 100%;\n  left: 0;\n  top: 0;\n  width: 100%;\n}\n\n#uc_creative_buttons_elementor_caec3f1 .uc_btn-4:hover:after{\n  height: 0;\n  left: 50%;\n  top: 50%;\n  width: 0;\n}\n\n\n\/* BUTTON 5 *\/\n#uc_creative_buttons_elementor_caec3f1 .uc_btn-5 {\n  overflow: hidden;\n}\n\n#uc_creative_buttons_elementor_caec3f1 .uc_btn-5::after {\n  height: 100%;\n  left: -100%;\n  top: 0;\n  transform: skew(50deg);\n  transition-duration: 0.6s;\n  transform-origin: top left;\n  width: 0;\n}\n\n#uc_creative_buttons_elementor_caec3f1 .uc_btn-5:hover:after {\n  height: 100%;\n  width: 200%;\n}\n\/* end styles *\/\n\n<\/style>\n\n\n<div class=\"uc_creative_buttons\" id=\"uc_creative_buttons_elementor_caec3f1\">\n  <div class=\"container\">\n    <a href=\"https:\/\/wa.me\/50660941610\" class=\"uc_button button-padding uc_btn-2\" >\n                    <span>Personaliz\u00e1 tu estad\u00eda<\/span>\n          <\/a>\n  <\/div>\n<\/div>\n<!-- end Creative Button Hovers -->\t\t\t\t<\/div>\n\t\t\t\t<\/div>\n\t\t\t\t\t<\/div>\n\t\t<\/div>\n\t\t\t\t\t<\/div>\n\t\t<\/section>\n\t\t\t\t<\/div>","protected":false},"excerpt":{"rendered":"<p>Not a to-do list. A way of &nbsp;being. At La Prometida, every detail is part of the experience. We don\u2019t believe in rushing or over-scheduling. &#8230; <a title=\"Experiencias\" class=\"read-more\" href=\"https:\/\/laprometidahotel.com\/es\/experiences\/\" aria-label=\"Leer m\u00e1s sobre Experiences\">Leer m\u00e1s<\/a><\/p>","protected":false},"author":4,"featured_media":6679,"parent":0,"menu_order":0,"comment_status":"closed","ping_status":"closed","template":"elementor_header_footer","meta":{"generate_page_header":"","footnotes":""},"class_list":["post-4523","page","type-page","status-publish","has-post-thumbnail"],"yoast_head":"<!-- This site is optimized with the Yoast SEO plugin v27.3 - https:\/\/yoast.com\/product\/yoast-seo-wordpress\/ -->\n<title>Experiences | La Prometida Hotel<\/title>\n<meta name=\"description\" content=\"We invite you to slow down with long breakfasts, barefoot walks, deep breaths and many moments that stay with you.\" \/>\n<meta name=\"robots\" content=\"index, follow, max-snippet:-1, max-image-preview:large, max-video-preview:-1\" \/>\n<link rel=\"canonical\" href=\"https:\/\/laprometidahotel.com\/es\/experiences\/\" \/>\n<meta property=\"og:locale\" content=\"es_ES\" \/>\n<meta property=\"og:type\" content=\"article\" \/>\n<meta property=\"og:title\" content=\"Experiences | La Prometida Hotel\" \/>\n<meta property=\"og:description\" content=\"We invite you to slow down with long breakfasts, barefoot walks, deep breaths and many moments that stay with you.\" \/>\n<meta property=\"og:url\" content=\"https:\/\/laprometidahotel.com\/es\/experiences\/\" \/>\n<meta property=\"og:site_name\" content=\"La Prometida Hotel\" \/>\n<meta property=\"article:modified_time\" content=\"2025-10-14T00:53:20+00:00\" \/>\n<meta property=\"og:image\" content=\"https:\/\/laprometidahotel.com\/wp-content\/uploads\/2025\/07\/laprometida-seo.webp\" \/>\n\t<meta property=\"og:image:width\" content=\"950\" \/>\n\t<meta property=\"og:image:height\" content=\"950\" \/>\n\t<meta property=\"og:image:type\" content=\"image\/webp\" \/>\n<meta name=\"twitter:card\" content=\"summary_large_image\" \/>\n<meta name=\"twitter:title\" content=\"Experiences | La Prometida Hotel\" \/>\n<meta name=\"twitter:description\" content=\"We invite you to slow down with long breakfasts, barefoot walks, deep breaths and many moments that stay with you.\" \/>\n<meta name=\"twitter:image\" content=\"https:\/\/laprometidahotel.com\/wp-content\/uploads\/2025\/07\/laprometida-seo.webp\" \/>\n<meta name=\"twitter:label1\" content=\"Tiempo de lectura\" \/>\n\t<meta name=\"twitter:data1\" content=\"2 minutos\" \/>\n<!-- \/ Yoast SEO plugin. -->","yoast_head_json":{"title":"Experiences | La Prometida Hotel","description":"We invite you to slow down with long breakfasts, barefoot walks, deep breaths and many moments that stay with you.","robots":{"index":"index","follow":"follow","max-snippet":"max-snippet:-1","max-image-preview":"max-image-preview:large","max-video-preview":"max-video-preview:-1"},"canonical":"https:\/\/laprometidahotel.com\/es\/experiences\/","og_locale":"es_ES","og_type":"article","og_title":"Experiences | La Prometida Hotel","og_description":"We invite you to slow down with long breakfasts, barefoot walks, deep breaths and many moments that stay with you.","og_url":"https:\/\/laprometidahotel.com\/es\/experiences\/","og_site_name":"La Prometida Hotel","article_modified_time":"2025-10-14T00:53:20+00:00","og_image":[{"width":950,"height":950,"url":"https:\/\/laprometidahotel.com\/wp-content\/uploads\/2025\/07\/laprometida-seo.webp","type":"image\/webp"}],"twitter_card":"summary_large_image","twitter_title":"Experiences | La Prometida Hotel","twitter_description":"We invite you to slow down with long breakfasts, barefoot walks, deep breaths and many moments that stay with you.","twitter_image":"https:\/\/laprometidahotel.com\/wp-content\/uploads\/2025\/07\/laprometida-seo.webp","twitter_misc":{"Tiempo de lectura":"2 minutos"},"schema":{"@context":"https:\/\/schema.org","@graph":[{"@type":"WebPage","@id":"https:\/\/laprometidahotel.com\/experiences\/","url":"https:\/\/laprometidahotel.com\/experiences\/","name":"Experiences | La Prometida Hotel","isPartOf":{"@id":"https:\/\/laprometidahotel.com\/#website"},"primaryImageOfPage":{"@id":"https:\/\/laprometidahotel.com\/experiences\/#primaryimage"},"image":{"@id":"https:\/\/laprometidahotel.com\/experiences\/#primaryimage"},"thumbnailUrl":"https:\/\/laprometidahotel.com\/wp-content\/uploads\/2025\/07\/laprometida-seo.webp","datePublished":"2025-06-06T13:15:59+00:00","dateModified":"2025-10-14T00:53:20+00:00","description":"We invite you to slow down with long breakfasts, barefoot walks, deep breaths and many moments that stay with you.","breadcrumb":{"@id":"https:\/\/laprometidahotel.com\/experiences\/#breadcrumb"},"inLanguage":"es","potentialAction":[{"@type":"ReadAction","target":["https:\/\/laprometidahotel.com\/experiences\/"]}]},{"@type":"ImageObject","inLanguage":"es","@id":"https:\/\/laprometidahotel.com\/experiences\/#primaryimage","url":"https:\/\/laprometidahotel.com\/wp-content\/uploads\/2025\/07\/laprometida-seo.webp","contentUrl":"https:\/\/laprometidahotel.com\/wp-content\/uploads\/2025\/07\/laprometida-seo.webp","width":950,"height":950},{"@type":"BreadcrumbList","@id":"https:\/\/laprometidahotel.com\/experiences\/#breadcrumb","itemListElement":[{"@type":"ListItem","position":1,"name":"Portada","item":"https:\/\/laprometidahotel.com\/"},{"@type":"ListItem","position":2,"name":"Experiences"}]},{"@type":"WebSite","@id":"https:\/\/laprometidahotel.com\/#website","url":"https:\/\/laprometidahotel.com\/","name":"La Prometida Hotel","description":"","potentialAction":[{"@type":"SearchAction","target":{"@type":"EntryPoint","urlTemplate":"https:\/\/laprometidahotel.com\/?s={search_term_string}"},"query-input":{"@type":"PropertyValueSpecification","valueRequired":true,"valueName":"search_term_string"}}],"inLanguage":"es"}]}},"_links":{"self":[{"href":"https:\/\/laprometidahotel.com\/es\/wp-json\/wp\/v2\/pages\/4523","targetHints":{"allow":["GET"]}}],"collection":[{"href":"https:\/\/laprometidahotel.com\/es\/wp-json\/wp\/v2\/pages"}],"about":[{"href":"https:\/\/laprometidahotel.com\/es\/wp-json\/wp\/v2\/types\/page"}],"author":[{"embeddable":true,"href":"https:\/\/laprometidahotel.com\/es\/wp-json\/wp\/v2\/users\/4"}],"replies":[{"embeddable":true,"href":"https:\/\/laprometidahotel.com\/es\/wp-json\/wp\/v2\/comments?post=4523"}],"version-history":[{"count":199,"href":"https:\/\/laprometidahotel.com\/es\/wp-json\/wp\/v2\/pages\/4523\/revisions"}],"predecessor-version":[{"id":7276,"href":"https:\/\/laprometidahotel.com\/es\/wp-json\/wp\/v2\/pages\/4523\/revisions\/7276"}],"wp:featuredmedia":[{"embeddable":true,"href":"https:\/\/laprometidahotel.com\/es\/wp-json\/wp\/v2\/media\/6679"}],"wp:attachment":[{"href":"https:\/\/laprometidahotel.com\/es\/wp-json\/wp\/v2\/media?parent=4523"}],"curies":[{"name":"wp","href":"https:\/\/api.w.org\/{rel}","templated":true}]}}